{"id":1801,"date":"2025-10-23T23:07:38","date_gmt":"2025-10-23T21:07:38","guid":{"rendered":"https:\/\/galambtailoring.com\/?post_type=product&#038;p=1801"},"modified":"2026-04-24T13:35:20","modified_gmt":"2026-04-24T11:35:20","slug":"kockas-zako","status":"publish","type":"product","link":"https:\/\/galambtailoring.com\/en\/termekek\/zakok\/kockas-zako\/","title":{"rendered":"Vil\u00e1gos Kock\u00e1s Zak\u00f3"},"content":{"rendered":"<p><span data-contrast=\"auto\">K\u00e9zi kidolgoz\u00e1s \u00e9s id\u0151tlen elegancia jellemzi ezt az egysoros gombol\u00e1s\u00fa, n\u00e9gygombos zak\u00f3t, exkluz\u00edv kock\u00e1s mint\u00e1val. <\/span><span data-contrast=\"auto\">Lenv\u00e1szon \u00e9s selyem k\u00fcl\u00f6nleges kever\u00e9k\u00e9b\u0151l k\u00e9sz\u00fclt, barna, b\u00e9zs \u00e9s k\u00e9k sz\u00ednek kombin\u00e1ci\u00f3j\u00e1ban<\/span><span data-contrast=\"auto\">. Ide\u00e1lis v\u00e1laszt\u00e1s azok sz\u00e1m\u00e1ra, akik a st\u00edlus mellett a praktikumot is \u00e9rt\u00e9kelik, k\u00f6sz\u00f6nhet\u0151en a letisztult szab\u00e1snak \u00e9s a f\u00e9lb\u00e9lelt kialak\u00edt\u00e1snak.\u00a0 A zak\u00f3n k\u00e9t foltzsebbel \u00e9s egy mellzsebbel rendelkezik. A jellegzetes n\u00e1polyi v\u00e1llkialak\u00edt\u00e1s \u00e9s az apr\u00f3l\u00e9kos \u00f6lt\u00e9sek a legmagasabb szint\u0171 k\u00e9nyelmet <\/span><span data-contrast=\"auto\">\u00e9s kifog\u00e1stalan megjelen\u00e9st biztos\u00edtanak<\/span><span data-contrast=\"auto\">.<\/span><span data-ccp-props=\"{}\">\u00a0<\/span><span data-ccp-props=\"{}\">\u00a0<\/span><\/p>\n<ul>\n<li aria-setsize=\"-1\" data-leveltext=\"\uf0b7\" data-font=\"Symbol\" data-listid=\"14\" data-list-defn-props=\"{&quot;335552541&quot;:1,&quot;335559685&quot;:720,&quot;335559991&quot;:360,&quot;469769226&quot;:&quot;Symbol&quot;,&quot;469769242&quot;:[8226],&quot;469777803&quot;:&quot;left&quot;,&quot;469777804&quot;:&quot;\uf0b7&quot;,&quot;469777815&quot;:&quot;hybridMultilevel&quot;}\" data-aria-posinset=\"1\" data-aria-level=\"1\"><span data-contrast=\"auto\">60% len, 40% selyem<\/span><span data-ccp-props=\"{}\">\u00a0<\/span><\/li>\n<\/ul>\n<ul>\n<li aria-setsize=\"-1\" data-leveltext=\"\uf0b7\" data-font=\"Symbol\" data-listid=\"14\" data-list-defn-props=\"{&quot;335552541&quot;:1,&quot;335559685&quot;:720,&quot;335559991&quot;:360,&quot;469769226&quot;:&quot;Symbol&quot;,&quot;469769242&quot;:[8226],&quot;469777803&quot;:&quot;left&quot;,&quot;469777804&quot;:&quot;\uf0b7&quot;,&quot;469777815&quot;:&quot;hybridMultilevel&quot;}\" data-aria-posinset=\"2\" data-aria-level=\"1\"><span data-contrast=\"auto\">Egysoros gombol\u00e1s, n\u00e9gy gomb<\/span><span data-ccp-props=\"{}\">\u00a0<\/span><\/li>\n<\/ul>\n<ul>\n<li aria-setsize=\"-1\" data-leveltext=\"\uf0b7\" data-font=\"Symbol\" data-listid=\"14\" data-list-defn-props=\"{&quot;335552541&quot;:1,&quot;335559685&quot;:720,&quot;335559991&quot;:360,&quot;469769226&quot;:&quot;Symbol&quot;,&quot;469769242&quot;:[8226],&quot;469777803&quot;:&quot;left&quot;,&quot;469777804&quot;:&quot;\uf0b7&quot;,&quot;469777815&quot;:&quot;hybridMultilevel&quot;}\" data-aria-posinset=\"3\" data-aria-level=\"1\"><span data-contrast=\"auto\">K\u00e9t foltzseb \u00e9s mellzseb<\/span><span data-ccp-props=\"{}\">\u00a0<\/span><\/li>\n<\/ul>\n<ul>\n<li aria-setsize=\"-1\" data-leveltext=\"\uf0b7\" data-font=\"Symbol\" data-listid=\"14\" data-list-defn-props=\"{&quot;335552541&quot;:1,&quot;335559685&quot;:720,&quot;335559991&quot;:360,&quot;469769226&quot;:&quot;Symbol&quot;,&quot;469769242&quot;:[8226],&quot;469777803&quot;:&quot;left&quot;,&quot;469777804&quot;:&quot;\uf0b7&quot;,&quot;469777815&quot;:&quot;hybridMultilevel&quot;}\" data-aria-posinset=\"4\" data-aria-level=\"1\"><span data-contrast=\"auto\">K\u00e9toldali has\u00edt\u00e9k<\/span><span data-ccp-props=\"{}\">\u00a0<\/span><\/li>\n<\/ul>\n<ul>\n<li aria-setsize=\"-1\" data-leveltext=\"\uf0b7\" data-font=\"Symbol\" data-listid=\"14\" data-list-defn-props=\"{&quot;335552541&quot;:1,&quot;335559685&quot;:720,&quot;335559991&quot;:360,&quot;469769226&quot;:&quot;Symbol&quot;,&quot;469769242&quot;:[8226],&quot;469777803&quot;:&quot;left&quot;,&quot;469777804&quot;:&quot;\uf0b7&quot;,&quot;469777815&quot;:&quot;hybridMultilevel&quot;}\" data-aria-posinset=\"5\" data-aria-level=\"1\"><span data-contrast=\"auto\">N\u00e1polyi st\u00edlus\u00fa, struktur\u00e1latlan v\u00e1ll<\/span><span data-ccp-props=\"{}\">\u00a0<\/span><\/li>\n<\/ul>\n<ul>\n<li aria-setsize=\"-1\" data-leveltext=\"\uf0b7\" data-font=\"Symbol\" data-listid=\"14\" data-list-defn-props=\"{&quot;335552541&quot;:1,&quot;335559685&quot;:720,&quot;335559991&quot;:360,&quot;469769226&quot;:&quot;Symbol&quot;,&quot;469769242&quot;:[8226],&quot;469777803&quot;:&quot;left&quot;,&quot;469777804&quot;:&quot;\uf0b7&quot;,&quot;469777815&quot;:&quot;hybridMultilevel&quot;}\" data-aria-posinset=\"6\" data-aria-level=\"1\"><span data-contrast=\"auto\">Szab\u00e1s: Regular fit\u00a0\u00a0<\/span><span data-ccp-props=\"{}\">\u00a0<\/span><\/li>\n<\/ul>\n<ul>\n<li aria-setsize=\"-1\" data-leveltext=\"\uf0b7\" data-font=\"Symbol\" data-listid=\"14\" data-list-defn-props=\"{&quot;335552541&quot;:1,&quot;335559685&quot;:720,&quot;335559991&quot;:360,&quot;469769226&quot;:&quot;Symbol&quot;,&quot;469769242&quot;:[8226],&quot;469777803&quot;:&quot;left&quot;,&quot;469777804&quot;:&quot;\uf0b7&quot;,&quot;469777815&quot;:&quot;hybridMultilevel&quot;}\" data-aria-posinset=\"7\" data-aria-level=\"1\"><span data-contrast=\"auto\">Paisley mint\u00e1s selyem b\u00e9l\u00e9s<\/span><span data-ccp-props=\"{}\">\u00a0<\/span><\/li>\n<\/ul>\n","protected":false},"excerpt":{"rendered":"<p>K\u00e9zi kidolgoz\u00e1s \u00e9s id\u0151tlen elegancia jellemzi ezt az egysoros gombol\u00e1s\u00fa, n\u00e9gygombos zak\u00f3t, exkluz\u00edv kock\u00e1s mint\u00e1val. Lenv\u00e1szon \u00e9s selyem k\u00fcl\u00f6nleges kever\u00e9k\u00e9b\u0151l k\u00e9sz\u00fclt, barna, b\u00e9zs \u00e9s k\u00e9k sz\u00ednek kombin\u00e1ci\u00f3j\u00e1ban. Ide\u00e1lis v\u00e1laszt\u00e1s azok sz\u00e1m\u00e1ra, akik a st\u00edlus mellett a praktikumot is \u00e9rt\u00e9kelik, k\u00f6sz\u00f6nhet\u0151en a letisztult szab\u00e1snak \u00e9s a f\u00e9lb\u00e9lelt kialak\u00edt\u00e1snak.\u00a0 A zak\u00f3n k\u00e9t foltzsebbel \u00e9s egy mellzsebbel rendelkezik. [&hellip;]<\/p>\n","protected":false},"featured_media":1924,"comment_status":"open","ping_status":"closed","template":"","meta":{"_acf_changed":false},"product_brand":[],"product_cat":[28],"product_tag":[],"class_list":{"0":"post-1801","1":"product","2":"type-product","3":"status-publish","4":"has-post-thumbnail","6":"product_cat-zakok","8":"first","9":"instock","10":"taxable","11":"shipping-taxable","12":"purchasable","13":"product-type-variable"},"acf":[],"_links":{"self":[{"href":"https:\/\/galambtailoring.com\/en\/wp-json\/wp\/v2\/product\/1801","targetHints":{"allow":["GET"]}}],"collection":[{"href":"https:\/\/galambtailoring.com\/en\/wp-json\/wp\/v2\/product"}],"about":[{"href":"https:\/\/galambtailoring.com\/en\/wp-json\/wp\/v2\/types\/product"}],"replies":[{"embeddable":true,"href":"https:\/\/galambtailoring.com\/en\/wp-json\/wp\/v2\/comments?post=1801"}],"wp:featuredmedia":[{"embeddable":true,"href":"https:\/\/galambtailoring.com\/en\/wp-json\/wp\/v2\/media\/1924"}],"wp:attachment":[{"href":"https:\/\/galambtailoring.com\/en\/wp-json\/wp\/v2\/media?parent=1801"}],"wp:term":[{"taxonomy":"product_brand","embeddable":true,"href":"https:\/\/galambtailoring.com\/en\/wp-json\/wp\/v2\/product_brand?post=1801"},{"taxonomy":"product_cat","embeddable":true,"href":"https:\/\/galambtailoring.com\/en\/wp-json\/wp\/v2\/product_cat?post=1801"},{"taxonomy":"product_tag","embeddable":true,"href":"https:\/\/galambtailoring.com\/en\/wp-json\/wp\/v2\/product_tag?post=1801"}],"curies":[{"name":"wp","href":"https:\/\/api.w.org\/{rel}","templated":true}]}}