{"id":1864,"date":"2025-10-24T16:33:09","date_gmt":"2025-10-24T14:33:09","guid":{"rendered":"https:\/\/galambtailoring.com\/?post_type=product&#038;p=1864"},"modified":"2026-03-12T11:50:50","modified_gmt":"2026-03-12T10:50:50","slug":"feher-nadrag","status":"publish","type":"product","link":"https:\/\/galambtailoring.com\/en\/termekek\/nadragok\/feher-nadrag\/","title":{"rendered":"Feh\u00e9r nadr\u00e1g"},"content":{"rendered":"<p><span data-contrast=\"auto\">K\u00e9zi kidolgoz\u00e1s \u00e9s t\u00f6k\u00e9letes illeszked\u00e9s: ez a darab hib\u00e1tlanul \u00f6tv\u00f6zi a k\u00e9nyelmet \u00e9s az eleganci\u00e1t. A nadr\u00e1g pamut \u00e9s len finom kever\u00e9k\u00e9b\u0151l k\u00e9sz\u00fclt, b\u0151s\u00e9gr\u00e1nccal \u00e9s oldals\u00f3 der\u00e9kszab\u00e1lyz\u00f3 p\u00e1ntokkal a maxim\u00e1lis komfort \u00e9rdek\u00e9ben. A ruhadarab a f\u00e9rfi divat klasszikus\u00e1nak \u00fajra\u00e9rtelmez\u00e9se, id\u0151tlen, t\u00f6rtfeh\u00e9r sz\u00ednben.<\/span><span data-ccp-props=\"{}\">\u00a0<\/span><\/p>\n<ul>\n<li aria-setsize=\"-1\" data-leveltext=\"\uf0b7\" data-font=\"Symbol\" data-listid=\"6\" data-list-defn-props=\"{&quot;335552541&quot;:1,&quot;335559685&quot;:720,&quot;335559991&quot;:360,&quot;469769226&quot;:&quot;Symbol&quot;,&quot;469769242&quot;:[8226],&quot;469777803&quot;:&quot;left&quot;,&quot;469777804&quot;:&quot;\uf0b7&quot;,&quot;469777815&quot;:&quot;hybridMultilevel&quot;}\" data-aria-posinset=\"5\" data-aria-level=\"1\"><span data-contrast=\"auto\">51% pamut, 47% len, 2% EA<\/span><span data-ccp-props=\"{}\">\u00a0<\/span><\/li>\n<\/ul>\n<ul>\n<li aria-setsize=\"-1\" data-leveltext=\"\uf0b7\" data-font=\"Symbol\" data-listid=\"6\" data-list-defn-props=\"{&quot;335552541&quot;:1,&quot;335559685&quot;:720,&quot;335559991&quot;:360,&quot;469769226&quot;:&quot;Symbol&quot;,&quot;469769242&quot;:[8226],&quot;469777803&quot;:&quot;left&quot;,&quot;469777804&quot;:&quot;\uf0b7&quot;,&quot;469777815&quot;:&quot;hybridMultilevel&quot;}\" data-aria-posinset=\"6\" data-aria-level=\"1\"><span data-contrast=\"auto\">Magas\u00edtott derek\u00fa nadr\u00e1g<\/span><span data-ccp-props=\"{}\">\u00a0<\/span><\/li>\n<\/ul>\n<ul>\n<li aria-setsize=\"-1\" data-leveltext=\"\uf0b7\" data-font=\"Symbol\" data-listid=\"6\" data-list-defn-props=\"{&quot;335552541&quot;:1,&quot;335559685&quot;:720,&quot;335559991&quot;:360,&quot;469769226&quot;:&quot;Symbol&quot;,&quot;469769242&quot;:[8226],&quot;469777803&quot;:&quot;left&quot;,&quot;469777804&quot;:&quot;\uf0b7&quot;,&quot;469777815&quot;:&quot;hybridMultilevel&quot;}\" data-aria-posinset=\"7\" data-aria-level=\"1\"><span data-contrast=\"auto\">B\u0151s\u00e9gr\u00e1nc, meghosszabb\u00edtott der\u00e9ksz\u00edj \u00e9s oldals\u00f3 der\u00e9kszab\u00e1lyoz\u00f3 p\u00e1ntok<\/span><span data-ccp-props=\"{}\">\u00a0<\/span><\/li>\n<\/ul>\n<ul>\n<li aria-setsize=\"-1\" data-leveltext=\"\uf0b7\" data-font=\"Symbol\" data-listid=\"6\" data-list-defn-props=\"{&quot;335552541&quot;:1,&quot;335559685&quot;:720,&quot;335559991&quot;:360,&quot;469769226&quot;:&quot;Symbol&quot;,&quot;469769242&quot;:[8226],&quot;469777803&quot;:&quot;left&quot;,&quot;469777804&quot;:&quot;\uf0b7&quot;,&quot;469777815&quot;:&quot;hybridMultilevel&quot;}\" data-aria-posinset=\"8\" data-aria-level=\"1\"><span data-contrast=\"auto\">Szab\u00e1s: Regular fit<\/span><span data-ccp-props=\"{}\">\u00a0<\/span><\/li>\n<\/ul>\n","protected":false},"excerpt":{"rendered":"<p>K\u00e9zi kidolgoz\u00e1s \u00e9s t\u00f6k\u00e9letes illeszked\u00e9s: ez a darab hib\u00e1tlanul \u00f6tv\u00f6zi a k\u00e9nyelmet \u00e9s az eleganci\u00e1t. A nadr\u00e1g pamut \u00e9s len finom kever\u00e9k\u00e9b\u0151l k\u00e9sz\u00fclt, b\u0151s\u00e9gr\u00e1nccal \u00e9s oldals\u00f3 der\u00e9kszab\u00e1lyz\u00f3 p\u00e1ntokkal a maxim\u00e1lis komfort \u00e9rdek\u00e9ben. A ruhadarab a f\u00e9rfi divat klasszikus\u00e1nak \u00fajra\u00e9rtelmez\u00e9se, id\u0151tlen, t\u00f6rtfeh\u00e9r sz\u00ednben.\u00a0 51% pamut, 47% len, 2% EA\u00a0 Magas\u00edtott derek\u00fa nadr\u00e1g\u00a0 B\u0151s\u00e9gr\u00e1nc, meghosszabb\u00edtott der\u00e9ksz\u00edj \u00e9s [&hellip;]<\/p>\n","protected":false},"featured_media":1908,"comment_status":"open","ping_status":"closed","template":"","meta":{"_acf_changed":false},"product_brand":[],"product_cat":[27],"product_tag":[],"class_list":{"0":"post-1864","1":"product","2":"type-product","3":"status-publish","4":"has-post-thumbnail","6":"product_cat-nadragok","8":"first","9":"instock","10":"taxable","11":"shipping-taxable","12":"purchasable","13":"product-type-variable"},"acf":[],"_links":{"self":[{"href":"https:\/\/galambtailoring.com\/en\/wp-json\/wp\/v2\/product\/1864","targetHints":{"allow":["GET"]}}],"collection":[{"href":"https:\/\/galambtailoring.com\/en\/wp-json\/wp\/v2\/product"}],"about":[{"href":"https:\/\/galambtailoring.com\/en\/wp-json\/wp\/v2\/types\/product"}],"replies":[{"embeddable":true,"href":"https:\/\/galambtailoring.com\/en\/wp-json\/wp\/v2\/comments?post=1864"}],"wp:featuredmedia":[{"embeddable":true,"href":"https:\/\/galambtailoring.com\/en\/wp-json\/wp\/v2\/media\/1908"}],"wp:attachment":[{"href":"https:\/\/galambtailoring.com\/en\/wp-json\/wp\/v2\/media?parent=1864"}],"wp:term":[{"taxonomy":"product_brand","embeddable":true,"href":"https:\/\/galambtailoring.com\/en\/wp-json\/wp\/v2\/product_brand?post=1864"},{"taxonomy":"product_cat","embeddable":true,"href":"https:\/\/galambtailoring.com\/en\/wp-json\/wp\/v2\/product_cat?post=1864"},{"taxonomy":"product_tag","embeddable":true,"href":"https:\/\/galambtailoring.com\/en\/wp-json\/wp\/v2\/product_tag?post=1864"}],"curies":[{"name":"wp","href":"https:\/\/api.w.org\/{rel}","templated":true}]}}