{"id":1868,"date":"2025-10-24T16:39:23","date_gmt":"2025-10-24T14:39:23","guid":{"rendered":"https:\/\/galambtailoring.com\/?post_type=product&#038;p=1868"},"modified":"2025-10-31T13:40:43","modified_gmt":"2025-10-31T12:40:43","slug":"barna-rovidnadrag","status":"publish","type":"product","link":"https:\/\/galambtailoring.com\/en\/termekek\/nadragok\/barna-rovidnadrag\/","title":{"rendered":"Barna r\u00f6vidnadr\u00e1g"},"content":{"rendered":"<p><span data-contrast=\"auto\">K\u00e9zi kidolgoz\u00e1s \u00e9s maxim\u00e1lis k\u00e9nyelem jellemzik ezt a r\u00f6vidnadr\u00e1got, amely <\/span><span data-contrast=\"auto\">hib\u00e1tlanul \u00f6tv\u00f6zi a k\u00e9nyelmet \u00e9s az eleganci\u00e1t<\/span><span data-contrast=\"auto\">. A len anyagb\u00f3l k\u00e9sz\u00fclt<\/span><span data-contrast=\"auto\"> darab<\/span><span data-contrast=\"auto\"> oldalzsebekkel \u00e9s <\/span><span data-contrast=\"auto\">\u00f6vbujtat\u00f3val <\/span><span data-contrast=\"auto\">is <\/span><span data-contrast=\"auto\">rendelkezik a maxim\u00e1lis praktikum \u00e9s komfort \u00e9rdek\u00e9ben. A sokdoldal\u00fa darab a f\u00e9rfi divat klasszikus\u00e1nak modern \u00e9s k\u00fcl\u00f6nleges \u00fajra\u00e9rtelmez\u00e9s\u00e9t k\u00edn\u00e1lja barna sz\u00ednben.<\/span><span data-ccp-props=\"{}\">\u00a0<\/span><span data-ccp-props=\"{}\">\u00a0<\/span><\/p>\n<ul>\n<li aria-setsize=\"-1\" data-leveltext=\"\uf0b7\" data-font=\"Symbol\" data-listid=\"18\" data-list-defn-props=\"{&quot;335552541&quot;:1,&quot;335559685&quot;:720,&quot;335559991&quot;:360,&quot;469769226&quot;:&quot;Symbol&quot;,&quot;469769242&quot;:[8226],&quot;469777803&quot;:&quot;left&quot;,&quot;469777804&quot;:&quot;\uf0b7&quot;,&quot;469777815&quot;:&quot;hybridMultilevel&quot;}\" data-aria-posinset=\"1\" data-aria-level=\"1\"><span data-contrast=\"auto\">100% len<\/span><span data-ccp-props=\"{}\">\u00a0<\/span><\/li>\n<\/ul>\n<ul>\n<li aria-setsize=\"-1\" data-leveltext=\"\uf0b7\" data-font=\"Symbol\" data-listid=\"18\" data-list-defn-props=\"{&quot;335552541&quot;:1,&quot;335559685&quot;:720,&quot;335559991&quot;:360,&quot;469769226&quot;:&quot;Symbol&quot;,&quot;469769242&quot;:[8226],&quot;469777803&quot;:&quot;left&quot;,&quot;469777804&quot;:&quot;\uf0b7&quot;,&quot;469777815&quot;:&quot;hybridMultilevel&quot;}\" data-aria-posinset=\"2\" data-aria-level=\"1\"><span data-contrast=\"auto\">Magas\u00edtott derek\u00fa r\u00f6vidnadr\u00e1g<\/span><span data-ccp-props=\"{}\">\u00a0<\/span><\/li>\n<\/ul>\n<ul>\n<li aria-setsize=\"-1\" data-leveltext=\"\uf0b7\" data-font=\"Symbol\" data-listid=\"18\" data-list-defn-props=\"{&quot;335552541&quot;:1,&quot;335559685&quot;:720,&quot;335559991&quot;:360,&quot;469769226&quot;:&quot;Symbol&quot;,&quot;469769242&quot;:[8226],&quot;469777803&quot;:&quot;left&quot;,&quot;469777804&quot;:&quot;\uf0b7&quot;,&quot;469777815&quot;:&quot;hybridMultilevel&quot;}\" data-aria-posinset=\"3\" data-aria-level=\"1\"><span data-contrast=\"auto\">Oldalzsebek, \u00f6vb\u00fajtat\u00f3<\/span><span data-ccp-props=\"{}\">\u00a0<\/span><\/li>\n<\/ul>\n<ul>\n<li aria-setsize=\"-1\" data-leveltext=\"\uf0b7\" data-font=\"Symbol\" data-listid=\"18\" data-list-defn-props=\"{&quot;335552541&quot;:1,&quot;335559685&quot;:720,&quot;335559991&quot;:360,&quot;469769226&quot;:&quot;Symbol&quot;,&quot;469769242&quot;:[8226],&quot;469777803&quot;:&quot;left&quot;,&quot;469777804&quot;:&quot;\uf0b7&quot;,&quot;469777815&quot;:&quot;hybridMultilevel&quot;}\" data-aria-posinset=\"4\" data-aria-level=\"1\"><span data-contrast=\"auto\">Szab\u00e1s: Comfort fit\u00a0<\/span><span data-ccp-props=\"{}\">\u00a0<\/span><\/li>\n<\/ul>\n","protected":false},"excerpt":{"rendered":"<p>K\u00e9zi kidolgoz\u00e1s \u00e9s maxim\u00e1lis k\u00e9nyelem jellemzik ezt a r\u00f6vidnadr\u00e1got, amely hib\u00e1tlanul \u00f6tv\u00f6zi a k\u00e9nyelmet \u00e9s az eleganci\u00e1t. A len anyagb\u00f3l k\u00e9sz\u00fclt darab oldalzsebekkel \u00e9s \u00f6vbujtat\u00f3val is rendelkezik a maxim\u00e1lis praktikum \u00e9s komfort \u00e9rdek\u00e9ben. A sokdoldal\u00fa darab a f\u00e9rfi divat klasszikus\u00e1nak modern \u00e9s k\u00fcl\u00f6nleges \u00fajra\u00e9rtelmez\u00e9s\u00e9t k\u00edn\u00e1lja barna sz\u00ednben.\u00a0\u00a0 100% len\u00a0 Magas\u00edtott derek\u00fa r\u00f6vidnadr\u00e1g\u00a0 Oldalzsebek, \u00f6vb\u00fajtat\u00f3\u00a0 Szab\u00e1s: [&hellip;]<\/p>\n","protected":false},"featured_media":1900,"comment_status":"open","ping_status":"closed","template":"","meta":{"_acf_changed":false},"product_brand":[],"product_cat":[27],"product_tag":[],"class_list":{"0":"post-1868","1":"product","2":"type-product","3":"status-publish","4":"has-post-thumbnail","6":"product_cat-nadragok","8":"first","9":"instock","10":"taxable","11":"shipping-taxable","12":"purchasable","13":"product-type-variable"},"acf":[],"_links":{"self":[{"href":"https:\/\/galambtailoring.com\/en\/wp-json\/wp\/v2\/product\/1868","targetHints":{"allow":["GET"]}}],"collection":[{"href":"https:\/\/galambtailoring.com\/en\/wp-json\/wp\/v2\/product"}],"about":[{"href":"https:\/\/galambtailoring.com\/en\/wp-json\/wp\/v2\/types\/product"}],"replies":[{"embeddable":true,"href":"https:\/\/galambtailoring.com\/en\/wp-json\/wp\/v2\/comments?post=1868"}],"wp:featuredmedia":[{"embeddable":true,"href":"https:\/\/galambtailoring.com\/en\/wp-json\/wp\/v2\/media\/1900"}],"wp:attachment":[{"href":"https:\/\/galambtailoring.com\/en\/wp-json\/wp\/v2\/media?parent=1868"}],"wp:term":[{"taxonomy":"product_brand","embeddable":true,"href":"https:\/\/galambtailoring.com\/en\/wp-json\/wp\/v2\/product_brand?post=1868"},{"taxonomy":"product_cat","embeddable":true,"href":"https:\/\/galambtailoring.com\/en\/wp-json\/wp\/v2\/product_cat?post=1868"},{"taxonomy":"product_tag","embeddable":true,"href":"https:\/\/galambtailoring.com\/en\/wp-json\/wp\/v2\/product_tag?post=1868"}],"curies":[{"name":"wp","href":"https:\/\/api.w.org\/{rel}","templated":true}]}}