{"id":1873,"date":"2025-10-24T16:41:09","date_gmt":"2025-10-24T14:41:09","guid":{"rendered":"https:\/\/galambtailoring.com\/?post_type=product&#038;p=1873"},"modified":"2026-04-23T15:43:48","modified_gmt":"2026-04-23T13:43:48","slug":"sotetkek-nadrag","status":"publish","type":"product","link":"https:\/\/galambtailoring.com\/en\/termekek\/nadragok\/sotetkek-nadrag\/","title":{"rendered":"S\u00f6t\u00e9tk\u00e9k nadr\u00e1g"},"content":{"rendered":"<p><span data-contrast=\"auto\">K\u00e9zi kidolgoz\u00e1s \u00e9s maxim\u00e1lis k\u00e9nyelem jellemzik <\/span><span data-contrast=\"auto\">ezt a kasm\u00edr-selyem nadr\u00e1got, amely hib\u00e1tlanul \u00f6tv\u00f6zi a k\u00e9nyelmet \u00e9s az eleganci\u00e1t. A nadr\u00e1g rugalmas<\/span> <span data-contrast=\"auto\">der\u00e9kr\u00e9sszel \u00e9s \u00f6vb\u00fajtat\u00f3val rendelkezik a maxim\u00e1lis komfort \u00e9s praktikum \u00e9rdek\u00e9ben. A ruhadarab a f\u00e9rfi divat klasszikus\u00e1nak \u00fajra\u00e9rtelmez\u00e9s\u00e9t k\u00edn\u00e1lja s\u00f6t\u00e9tk\u00e9k sz\u00ednben. A hozz\u00e1 tartoz\u00f3 overshirttel kieg\u00e9sz\u00edtve teljes \u00f6ssze\u00e1ll\u00edt\u00e1st alkot.\u00a0<\/span><span data-ccp-props=\"{}\">\u00a0<\/span><\/p>\n<ul>\n<li aria-setsize=\"-1\" data-leveltext=\"\uf0b7\" data-font=\"Symbol\" data-listid=\"18\" data-list-defn-props=\"{&quot;335552541&quot;:1,&quot;335559685&quot;:720,&quot;335559991&quot;:360,&quot;469769226&quot;:&quot;Symbol&quot;,&quot;469769242&quot;:[8226],&quot;469777803&quot;:&quot;left&quot;,&quot;469777804&quot;:&quot;\uf0b7&quot;,&quot;469777815&quot;:&quot;hybridMultilevel&quot;}\" data-aria-posinset=\"5\" data-aria-level=\"1\"><span data-contrast=\"auto\">82% kasm\u00edr, 18% selyem<\/span><span data-ccp-props=\"{}\">\u00a0<\/span><\/li>\n<\/ul>\n<ul>\n<li aria-setsize=\"-1\" data-leveltext=\"\uf0b7\" data-font=\"Symbol\" data-listid=\"18\" data-list-defn-props=\"{&quot;335552541&quot;:1,&quot;335559685&quot;:720,&quot;335559991&quot;:360,&quot;469769226&quot;:&quot;Symbol&quot;,&quot;469769242&quot;:[8226],&quot;469777803&quot;:&quot;left&quot;,&quot;469777804&quot;:&quot;\uf0b7&quot;,&quot;469777815&quot;:&quot;hybridMultilevel&quot;}\" data-aria-posinset=\"6\" data-aria-level=\"1\"><span data-contrast=\"auto\">Magas\u00edtott derek\u00fa nadr\u00e1g<\/span><span data-ccp-props=\"{}\">\u00a0<\/span><\/li>\n<\/ul>\n<ul>\n<li aria-setsize=\"-1\" data-leveltext=\"\uf0b7\" data-font=\"Symbol\" data-listid=\"18\" data-list-defn-props=\"{&quot;335552541&quot;:1,&quot;335559685&quot;:720,&quot;335559991&quot;:360,&quot;469769226&quot;:&quot;Symbol&quot;,&quot;469769242&quot;:[8226],&quot;469777803&quot;:&quot;left&quot;,&quot;469777804&quot;:&quot;\uf0b7&quot;,&quot;469777815&quot;:&quot;hybridMultilevel&quot;}\" data-aria-posinset=\"7\" data-aria-level=\"1\"><span data-contrast=\"auto\">B\u0151s\u00e9gr\u00e1nc, rugalmas der\u00e9kr\u00e9sz, \u00f6vb\u00fajtat\u00f3<\/span><span data-ccp-props=\"{}\">\u00a0<\/span><\/li>\n<\/ul>\n<ul>\n<li aria-setsize=\"-1\" data-leveltext=\"\uf0b7\" data-font=\"Symbol\" data-listid=\"18\" data-list-defn-props=\"{&quot;335552541&quot;:1,&quot;335559685&quot;:720,&quot;335559991&quot;:360,&quot;469769226&quot;:&quot;Symbol&quot;,&quot;469769242&quot;:[8226],&quot;469777803&quot;:&quot;left&quot;,&quot;469777804&quot;:&quot;\uf0b7&quot;,&quot;469777815&quot;:&quot;hybridMultilevel&quot;}\" data-aria-posinset=\"8\" data-aria-level=\"1\"><span data-contrast=\"auto\">Szab\u00e1s: Regular fit\u00a0<\/span><\/li>\n<\/ul>\n","protected":false},"excerpt":{"rendered":"<p>K\u00e9zi kidolgoz\u00e1s \u00e9s maxim\u00e1lis k\u00e9nyelem jellemzik ezt a kasm\u00edr-selyem nadr\u00e1got, amely hib\u00e1tlanul \u00f6tv\u00f6zi a k\u00e9nyelmet \u00e9s az eleganci\u00e1t. A nadr\u00e1g rugalmas der\u00e9kr\u00e9sszel \u00e9s \u00f6vb\u00fajtat\u00f3val rendelkezik a maxim\u00e1lis komfort \u00e9s praktikum \u00e9rdek\u00e9ben. A ruhadarab a f\u00e9rfi divat klasszikus\u00e1nak \u00fajra\u00e9rtelmez\u00e9s\u00e9t k\u00edn\u00e1lja s\u00f6t\u00e9tk\u00e9k sz\u00ednben. A hozz\u00e1 tartoz\u00f3 overshirttel kieg\u00e9sz\u00edtve teljes \u00f6ssze\u00e1ll\u00edt\u00e1st alkot.\u00a0\u00a0 82% kasm\u00edr, 18% selyem\u00a0 Magas\u00edtott derek\u00fa [&hellip;]<\/p>\n","protected":false},"featured_media":1912,"comment_status":"open","ping_status":"closed","template":"","meta":{"_acf_changed":false},"product_brand":[],"product_cat":[27],"product_tag":[],"class_list":{"0":"post-1873","1":"product","2":"type-product","3":"status-publish","4":"has-post-thumbnail","6":"product_cat-nadragok","8":"first","9":"instock","10":"taxable","11":"shipping-taxable","12":"purchasable","13":"product-type-variable"},"acf":[],"_links":{"self":[{"href":"https:\/\/galambtailoring.com\/en\/wp-json\/wp\/v2\/product\/1873","targetHints":{"allow":["GET"]}}],"collection":[{"href":"https:\/\/galambtailoring.com\/en\/wp-json\/wp\/v2\/product"}],"about":[{"href":"https:\/\/galambtailoring.com\/en\/wp-json\/wp\/v2\/types\/product"}],"replies":[{"embeddable":true,"href":"https:\/\/galambtailoring.com\/en\/wp-json\/wp\/v2\/comments?post=1873"}],"wp:featuredmedia":[{"embeddable":true,"href":"https:\/\/galambtailoring.com\/en\/wp-json\/wp\/v2\/media\/1912"}],"wp:attachment":[{"href":"https:\/\/galambtailoring.com\/en\/wp-json\/wp\/v2\/media?parent=1873"}],"wp:term":[{"taxonomy":"product_brand","embeddable":true,"href":"https:\/\/galambtailoring.com\/en\/wp-json\/wp\/v2\/product_brand?post=1873"},{"taxonomy":"product_cat","embeddable":true,"href":"https:\/\/galambtailoring.com\/en\/wp-json\/wp\/v2\/product_cat?post=1873"},{"taxonomy":"product_tag","embeddable":true,"href":"https:\/\/galambtailoring.com\/en\/wp-json\/wp\/v2\/product_tag?post=1873"}],"curies":[{"name":"wp","href":"https:\/\/api.w.org\/{rel}","templated":true}]}}