{"id":1950,"date":"2025-10-28T16:25:51","date_gmt":"2025-10-28T15:25:51","guid":{"rendered":"https:\/\/galambtailoring.com\/?post_type=product&#038;p=1950"},"modified":"2025-10-29T14:47:45","modified_gmt":"2025-10-29T13:47:45","slug":"palackhuto","status":"publish","type":"product","link":"https:\/\/galambtailoring.com\/en\/termekek\/kiegeszitok\/palackhuto\/","title":{"rendered":"Palackh\u0171t\u0151"},"content":{"rendered":"<p><span class=\"NormalTextRun SCXW92635179 BCX4\">1<\/span><span class=\"NormalTextRun SCXW92635179 BCX4\">00%<\/span> <span class=\"NormalTextRun SpellingErrorV2Themed SCXW92635179 BCX4\">b\u00e1r\u00e1nyb\u0151rb\u0151l<\/span><span class=\"NormalTextRun SCXW92635179 BCX4\">, <\/span><span class=\"NormalTextRun SpellingErrorV2Themed SCXW92635179 BCX4\">k\u00e9zzel<\/span> <span class=\"NormalTextRun SpellingErrorV2Themed SCXW92635179 BCX4\">k\u00e9sz\u00edtett<\/span> <span class=\"NormalTextRun SpellingErrorV2Themed SCXW92635179 BCX4\">p<\/span><span class=\"NormalTextRun SpellingErrorV2Themed SCXW92635179 BCX4\">alack<\/span><span class=\"NormalTextRun SpellingErrorV2Themed SCXW92635179 BCX4\">h\u0171t\u0151<\/span><span class=\"NormalTextRun SCXW92635179 BCX4\">, <\/span><span class=\"NormalTextRun SpellingErrorV2Themed SCXW92635179 BCX4\">amely<\/span> <span class=\"NormalTextRun SpellingErrorV2Themed SCXW92635179 BCX4\">term\u00e9szetes<\/span> <span class=\"NormalTextRun SpellingErrorV2Themed SCXW92635179 BCX4\">h\u0151szigetel\u0151<\/span> <span class=\"NormalTextRun SpellingErrorV2Themed SCXW92635179 BCX4\">tulajdons\u00e1gainak<\/span> <span class=\"NormalTextRun SpellingErrorV2Themed SCXW92635179 BCX4\">k\u00f6sz\u00f6nhet\u0151en<\/span> <span class=\"NormalTextRun SpellingErrorV2Themed SCXW92635179 BCX4\">hossz\u00fa<\/span> <span class=\"NormalTextRun SpellingErrorV2Themed SCXW92635179 BCX4\">\u00f3r\u00e1kon<\/span> <span class=\"NormalTextRun SpellingErrorV2Themed SCXW92635179 BCX4\">\u00e1t<\/span> <span class=\"NormalTextRun SpellingErrorV2Themed SCXW92635179 BCX4\">hidegen<\/span> <span class=\"NormalTextRun SpellingErrorV2Themed SCXW92635179 BCX4\">tartja<\/span> <span class=\"NormalTextRun SpellingErrorV2Themed SCXW92635179 BCX4\">ital\u00e1t<\/span><span class=\"NormalTextRun SCXW92635179 BCX4\">.<\/span> <span class=\"NormalTextRun SCXW92635179 BCX4\">Minden <\/span><span class=\"NormalTextRun SpellingErrorV2Themed SCXW92635179 BCX4\">darab<\/span> <span class=\"NormalTextRun SpellingErrorV2Themed SCXW92635179 BCX4\">egyedi<\/span><span class=\"NormalTextRun SCXW92635179 BCX4\">, <\/span><span class=\"NormalTextRun SpellingErrorV2Themed SCXW92635179 BCX4\">e<\/span><span class=\"NormalTextRun SpellingErrorV2Themed SCXW92635179 BCX4\">leg\u00e1ns<\/span> <span class=\"NormalTextRun SpellingErrorV2Themed SCXW92635179 BCX4\">\u00e9s<\/span> <span class=\"NormalTextRun SpellingErrorV2Themed SCXW92635179 BCX4\">praktikus<\/span> <span class=\"NormalTextRun SpellingErrorV2Themed SCXW92635179 BCX4\">kieg\u00e9sz\u00edt<\/span><span class=\"NormalTextRun SpellingErrorV2Themed SCXW92635179 BCX4\">\u0151<\/span><span class=\"NormalTextRun SCXW92635179 BCX4\">, <\/span><span class=\"NormalTextRun SpellingErrorV2Themed SCXW92635179 BCX4\">amely<\/span> <span class=\"NormalTextRun SpellingErrorV2Themed SCXW92635179 BCX4\">b\u00e1rmilyen<\/span> <span class=\"NormalTextRun SpellingErrorV2Themed SCXW92635179 BCX4\">alkalmat<\/span> <span class=\"NormalTextRun SpellingErrorV2Themed SCXW92635179 BCX4\">k\u00fcl\u00f6nlegess\u00e9<\/span> <span class=\"NormalTextRun SpellingErrorV2Themed SCXW92635179 BCX4\">tesz<\/span><span class=\"NormalTextRun SCXW92635179 BCX4\">.\u00a0<\/span><\/p>","protected":false},"excerpt":{"rendered":"<p>100% b\u00e1r\u00e1nyb\u0151rb\u0151l, k\u00e9zzel k\u00e9sz\u00edtett palackh\u0171t\u0151, amely term\u00e9szetes h\u0151szigetel\u0151 tulajdons\u00e1gainak k\u00f6sz\u00f6nhet\u0151en hossz\u00fa \u00f3r\u00e1kon \u00e1t hidegen tartja ital\u00e1t. Minden darab egyedi, eleg\u00e1ns \u00e9s praktikus kieg\u00e9sz\u00edt\u0151, amely b\u00e1rmilyen alkalmat k\u00fcl\u00f6nlegess\u00e9 tesz.\u00a0<\/p>","protected":false},"featured_media":1951,"comment_status":"closed","ping_status":"closed","template":"","meta":{"_acf_changed":false},"product_brand":[],"product_cat":[19],"product_tag":[],"class_list":{"0":"post-1950","1":"product","2":"type-product","3":"status-publish","4":"has-post-thumbnail","6":"product_cat-kiegeszitok","8":"first","9":"instock","10":"taxable","11":"shipping-taxable","12":"purchasable","13":"product-type-simple"},"acf":[],"_links":{"self":[{"href":"https:\/\/galambtailoring.com\/en\/wp-json\/wp\/v2\/product\/1950","targetHints":{"allow":["GET"]}}],"collection":[{"href":"https:\/\/galambtailoring.com\/en\/wp-json\/wp\/v2\/product"}],"about":[{"href":"https:\/\/galambtailoring.com\/en\/wp-json\/wp\/v2\/types\/product"}],"replies":[{"embeddable":true,"href":"https:\/\/galambtailoring.com\/en\/wp-json\/wp\/v2\/comments?post=1950"}],"wp:featuredmedia":[{"embeddable":true,"href":"https:\/\/galambtailoring.com\/en\/wp-json\/wp\/v2\/media\/1951"}],"wp:attachment":[{"href":"https:\/\/galambtailoring.com\/en\/wp-json\/wp\/v2\/media?parent=1950"}],"wp:term":[{"taxonomy":"product_brand","embeddable":true,"href":"https:\/\/galambtailoring.com\/en\/wp-json\/wp\/v2\/product_brand?post=1950"},{"taxonomy":"product_cat","embeddable":true,"href":"https:\/\/galambtailoring.com\/en\/wp-json\/wp\/v2\/product_cat?post=1950"},{"taxonomy":"product_tag","embeddable":true,"href":"https:\/\/galambtailoring.com\/en\/wp-json\/wp\/v2\/product_tag?post=1950"}],"curies":[{"name":"wp","href":"https:\/\/api.w.org\/{rel}","templated":true}]}}