{"id":374,"date":"2025-06-25T13:44:48","date_gmt":"2025-06-25T11:44:48","guid":{"rendered":"https:\/\/galambtailoring.com\/?post_type=product&#038;p=374"},"modified":"2026-03-17T14:50:35","modified_gmt":"2026-03-17T13:50:35","slug":"szurke-es-sarga-mintas-sal","status":"publish","type":"product","link":"https:\/\/galambtailoring.com\/en\/termekek\/kiegeszitok\/szurke-es-sarga-mintas-sal\/","title":{"rendered":"Sz\u00fcrke \u00e9s s\u00e1rga mint\u00e1s s\u00e1l"},"content":{"rendered":"<p>Klasszikus \u00e9s sokoldal\u00fa: ez a mint\u00e1s s\u00e1l sz\u00e1mos alkalomra t\u00f6k\u00e9letes kieg\u00e9sz\u00edt\u0151. Alapanyaga term\u00e9szetes lenv\u00e1szon, rendk\u00edv\u00fcl puha \u00e9s kiv\u00e1l\u00f3 l\u00e9g\u00e1tereszt\u0151.<\/p>\n<p>Sz\u00edn: sz\u00fcrke, s\u00e1rga<br \/>\nSz\u00f6vet: 100% len<br \/>\nK\u00e9zzel k\u00e9sz\u00edtve Olaszorsz\u00e1gban.<\/p>","protected":false},"excerpt":{"rendered":"<p>Klasszikus \u00e9s sokoldal\u00fa: ez a mint\u00e1s s\u00e1l sz\u00e1mos alkalomra t\u00f6k\u00e9letes kieg\u00e9sz\u00edt\u0151. Alapanyaga term\u00e9szetes lenv\u00e1szon, rendk\u00edv\u00fcl puha \u00e9s kiv\u00e1l\u00f3 l\u00e9g\u00e1tereszt\u0151. Sz\u00edn: sz\u00fcrke, s\u00e1rga Sz\u00f6vet: 100% len K\u00e9zzel k\u00e9sz\u00edtve Olaszorsz\u00e1gban.<\/p>","protected":false},"featured_media":375,"comment_status":"open","ping_status":"closed","template":"","meta":{"_acf_changed":false},"product_brand":[],"product_cat":[19],"product_tag":[],"class_list":{"0":"post-374","1":"product","2":"type-product","3":"status-publish","4":"has-post-thumbnail","6":"product_cat-kiegeszitok","8":"first","9":"instock","10":"taxable","11":"shipping-taxable","12":"purchasable","13":"product-type-simple"},"acf":[],"_links":{"self":[{"href":"https:\/\/galambtailoring.com\/en\/wp-json\/wp\/v2\/product\/374","targetHints":{"allow":["GET"]}}],"collection":[{"href":"https:\/\/galambtailoring.com\/en\/wp-json\/wp\/v2\/product"}],"about":[{"href":"https:\/\/galambtailoring.com\/en\/wp-json\/wp\/v2\/types\/product"}],"replies":[{"embeddable":true,"href":"https:\/\/galambtailoring.com\/en\/wp-json\/wp\/v2\/comments?post=374"}],"wp:featuredmedia":[{"embeddable":true,"href":"https:\/\/galambtailoring.com\/en\/wp-json\/wp\/v2\/media\/375"}],"wp:attachment":[{"href":"https:\/\/galambtailoring.com\/en\/wp-json\/wp\/v2\/media?parent=374"}],"wp:term":[{"taxonomy":"product_brand","embeddable":true,"href":"https:\/\/galambtailoring.com\/en\/wp-json\/wp\/v2\/product_brand?post=374"},{"taxonomy":"product_cat","embeddable":true,"href":"https:\/\/galambtailoring.com\/en\/wp-json\/wp\/v2\/product_cat?post=374"},{"taxonomy":"product_tag","embeddable":true,"href":"https:\/\/galambtailoring.com\/en\/wp-json\/wp\/v2\/product_tag?post=374"}],"curies":[{"name":"wp","href":"https:\/\/api.w.org\/{rel}","templated":true}]}}