{"id":380,"date":"2025-06-25T13:51:41","date_gmt":"2025-06-25T11:51:41","guid":{"rendered":"https:\/\/galambtailoring.com\/?post_type=product&#038;p=380"},"modified":"2026-03-17T14:07:09","modified_gmt":"2026-03-17T13:07:09","slug":"fekete-mintas-selyem-nyakkendo","status":"publish","type":"product","link":"https:\/\/galambtailoring.com\/en\/termekek\/kiegeszitok\/fekete-mintas-selyem-nyakkendo\/","title":{"rendered":"Fekete mint\u00e1s selyem nyakkend\u0151"},"content":{"rendered":"<p>Eleg\u00e1ns nyakkend\u0151 exkluz\u00edv mint\u00e1zattal, selyem anyagb\u00f3l.<\/p>\n<p>Sz\u00edn: fekete, feh\u00e9r<br \/>\nM\u00e9ret: sz\u00e9less\u00e9g 8 cm, hossz 148 cm<br \/>\nSz\u00f6vet: 100% selyem<br \/>\nK\u00e9zzel k\u00e9sz\u00edtve Olaszorsz\u00e1gban<\/p>","protected":false},"excerpt":{"rendered":"<p>Eleg\u00e1ns nyakkend\u0151 exkluz\u00edv mint\u00e1zattal, selyem anyagb\u00f3l. Sz\u00edn: fekete, feh\u00e9r M\u00e9ret: sz\u00e9less\u00e9g 8 cm, hossz 148 cm Sz\u00f6vet: 100% selyem K\u00e9zzel k\u00e9sz\u00edtve Olaszorsz\u00e1gban<\/p>","protected":false},"featured_media":381,"comment_status":"open","ping_status":"closed","template":"","meta":{"_acf_changed":false},"product_brand":[],"product_cat":[19],"product_tag":[],"class_list":{"0":"post-380","1":"product","2":"type-product","3":"status-publish","4":"has-post-thumbnail","6":"product_cat-kiegeszitok","8":"first","9":"instock","10":"taxable","11":"shipping-taxable","12":"purchasable","13":"product-type-simple"},"acf":[],"_links":{"self":[{"href":"https:\/\/galambtailoring.com\/en\/wp-json\/wp\/v2\/product\/380","targetHints":{"allow":["GET"]}}],"collection":[{"href":"https:\/\/galambtailoring.com\/en\/wp-json\/wp\/v2\/product"}],"about":[{"href":"https:\/\/galambtailoring.com\/en\/wp-json\/wp\/v2\/types\/product"}],"replies":[{"embeddable":true,"href":"https:\/\/galambtailoring.com\/en\/wp-json\/wp\/v2\/comments?post=380"}],"wp:featuredmedia":[{"embeddable":true,"href":"https:\/\/galambtailoring.com\/en\/wp-json\/wp\/v2\/media\/381"}],"wp:attachment":[{"href":"https:\/\/galambtailoring.com\/en\/wp-json\/wp\/v2\/media?parent=380"}],"wp:term":[{"taxonomy":"product_brand","embeddable":true,"href":"https:\/\/galambtailoring.com\/en\/wp-json\/wp\/v2\/product_brand?post=380"},{"taxonomy":"product_cat","embeddable":true,"href":"https:\/\/galambtailoring.com\/en\/wp-json\/wp\/v2\/product_cat?post=380"},{"taxonomy":"product_tag","embeddable":true,"href":"https:\/\/galambtailoring.com\/en\/wp-json\/wp\/v2\/product_tag?post=380"}],"curies":[{"name":"wp","href":"https:\/\/api.w.org\/{rel}","templated":true}]}}