{"id":451,"date":"2025-06-26T09:30:13","date_gmt":"2025-06-26T07:30:13","guid":{"rendered":"https:\/\/galambtailoring.com\/?post_type=product&#038;p=451"},"modified":"2025-10-31T13:45:38","modified_gmt":"2025-10-31T12:45:38","slug":"kasmir-nadrag","status":"publish","type":"product","link":"https:\/\/galambtailoring.com\/en\/termekek\/nadragok\/kasmir-nadrag\/","title":{"rendered":"Kasm\u00edr nadr\u00e1g"},"content":{"rendered":"<p><span data-contrast=\"auto\">K\u00e9zi kidolgoz\u00e1s \u00e9s t\u00f6k\u00e9letes illeszked\u00e9s: ez a kasm\u00edr nadr\u00e1g hib\u00e1tlanul \u00f6tv\u00f6zi a k\u00e9nyelmet \u00e9s az eleganci\u00e1t. A nadr\u00e1g b\u0151s\u00e9gr\u00e1nccal \u00e9s oldals\u00f3 der\u00e9kszab\u00e1lyz\u00f3 p\u00e1ntokkal rendelkezik a maxim\u00e1lis komfort \u00e9rdek\u00e9ben. Az exkluz\u00edv kasm\u00edrb\u00f3l k\u00e9sz\u00fclt ruhadarab a f\u00e9rfi divat klasszikus\u00e1nak \u00fajra\u00e9rtelmez\u00e9se, modern, k\u00f6z\u00e9psz\u00fcrke \u00e1rnyalatban.<\/span><span data-ccp-props=\"{}\">\u00a0<\/span><span data-ccp-props=\"{}\">\u00a0<\/span><\/p>\n<ul>\n<li aria-setsize=\"-1\" data-leveltext=\"\uf0b7\" data-font=\"Symbol\" data-listid=\"5\" data-list-defn-props=\"{&quot;335552541&quot;:1,&quot;335559685&quot;:360,&quot;335559991&quot;:360,&quot;469769226&quot;:&quot;Symbol&quot;,&quot;469769242&quot;:[8226],&quot;469777803&quot;:&quot;left&quot;,&quot;469777804&quot;:&quot;\uf0b7&quot;,&quot;469777815&quot;:&quot;hybridMultilevel&quot;}\" data-aria-posinset=\"1\" data-aria-level=\"1\"><span data-contrast=\"auto\">100% kasm\u00edr<\/span><span data-ccp-props=\"{}\">\u00a0<\/span><\/li>\n<\/ul>\n<ul>\n<li aria-setsize=\"-1\" data-leveltext=\"\uf0b7\" data-font=\"Symbol\" data-listid=\"5\" data-list-defn-props=\"{&quot;335552541&quot;:1,&quot;335559685&quot;:360,&quot;335559991&quot;:360,&quot;469769226&quot;:&quot;Symbol&quot;,&quot;469769242&quot;:[8226],&quot;469777803&quot;:&quot;left&quot;,&quot;469777804&quot;:&quot;\uf0b7&quot;,&quot;469777815&quot;:&quot;hybridMultilevel&quot;}\" data-aria-posinset=\"2\" data-aria-level=\"1\"><span data-contrast=\"auto\">Magas\u00edtott der\u00e9k<\/span><span data-ccp-props=\"{}\">\u00a0<\/span><\/li>\n<\/ul>\n<ul>\n<li aria-setsize=\"-1\" data-leveltext=\"\uf0b7\" data-font=\"Symbol\" data-listid=\"5\" data-list-defn-props=\"{&quot;335552541&quot;:1,&quot;335559685&quot;:360,&quot;335559991&quot;:360,&quot;469769226&quot;:&quot;Symbol&quot;,&quot;469769242&quot;:[8226],&quot;469777803&quot;:&quot;left&quot;,&quot;469777804&quot;:&quot;\uf0b7&quot;,&quot;469777815&quot;:&quot;hybridMultilevel&quot;}\" data-aria-posinset=\"3\" data-aria-level=\"1\"><span data-contrast=\"auto\">B\u0151s\u00e9gr\u00e1nc, meghosszabb\u00edtott der\u00e9ksz\u00edj \u00e9s oldals\u00f3 der\u00e9kszab\u00e1lyoz\u00f3 p\u00e1ntok<\/span><span data-ccp-props=\"{}\">\u00a0<\/span><\/li>\n<\/ul>\n<ul>\n<li aria-setsize=\"-1\" data-leveltext=\"\uf0b7\" data-font=\"Symbol\" data-listid=\"5\" data-list-defn-props=\"{&quot;335552541&quot;:1,&quot;335559685&quot;:360,&quot;335559991&quot;:360,&quot;469769226&quot;:&quot;Symbol&quot;,&quot;469769242&quot;:[8226],&quot;469777803&quot;:&quot;left&quot;,&quot;469777804&quot;:&quot;\uf0b7&quot;,&quot;469777815&quot;:&quot;hybridMultilevel&quot;}\" data-aria-posinset=\"4\" data-aria-level=\"1\"><span data-contrast=\"auto\">Szab\u00e1s: Regular fit<\/span><span data-ccp-props=\"{}\">\u00a0<\/span><\/li>\n<\/ul>\n","protected":false},"excerpt":{"rendered":"<p>K\u00e9zi kidolgoz\u00e1s \u00e9s t\u00f6k\u00e9letes illeszked\u00e9s: ez a kasm\u00edr nadr\u00e1g hib\u00e1tlanul \u00f6tv\u00f6zi a k\u00e9nyelmet \u00e9s az eleganci\u00e1t. A nadr\u00e1g b\u0151s\u00e9gr\u00e1nccal \u00e9s oldals\u00f3 der\u00e9kszab\u00e1lyz\u00f3 p\u00e1ntokkal rendelkezik a maxim\u00e1lis komfort \u00e9rdek\u00e9ben. Az exkluz\u00edv kasm\u00edrb\u00f3l k\u00e9sz\u00fclt ruhadarab a f\u00e9rfi divat klasszikus\u00e1nak \u00fajra\u00e9rtelmez\u00e9se, modern, k\u00f6z\u00e9psz\u00fcrke \u00e1rnyalatban.\u00a0\u00a0 100% kasm\u00edr\u00a0 Magas\u00edtott der\u00e9k\u00a0 B\u0151s\u00e9gr\u00e1nc, meghosszabb\u00edtott der\u00e9ksz\u00edj \u00e9s oldals\u00f3 der\u00e9kszab\u00e1lyoz\u00f3 p\u00e1ntok\u00a0 Szab\u00e1s: Regular fit\u00a0<\/p>","protected":false},"featured_media":458,"comment_status":"open","ping_status":"closed","template":"","meta":{"_acf_changed":false},"product_brand":[],"product_cat":[27],"product_tag":[],"class_list":{"0":"post-451","1":"product","2":"type-product","3":"status-publish","4":"has-post-thumbnail","6":"product_cat-nadragok","8":"first","9":"instock","10":"taxable","11":"shipping-taxable","12":"purchasable","13":"product-type-variable"},"acf":[],"_links":{"self":[{"href":"https:\/\/galambtailoring.com\/en\/wp-json\/wp\/v2\/product\/451","targetHints":{"allow":["GET"]}}],"collection":[{"href":"https:\/\/galambtailoring.com\/en\/wp-json\/wp\/v2\/product"}],"about":[{"href":"https:\/\/galambtailoring.com\/en\/wp-json\/wp\/v2\/types\/product"}],"replies":[{"embeddable":true,"href":"https:\/\/galambtailoring.com\/en\/wp-json\/wp\/v2\/comments?post=451"}],"wp:featuredmedia":[{"embeddable":true,"href":"https:\/\/galambtailoring.com\/en\/wp-json\/wp\/v2\/media\/458"}],"wp:attachment":[{"href":"https:\/\/galambtailoring.com\/en\/wp-json\/wp\/v2\/media?parent=451"}],"wp:term":[{"taxonomy":"product_brand","embeddable":true,"href":"https:\/\/galambtailoring.com\/en\/wp-json\/wp\/v2\/product_brand?post=451"},{"taxonomy":"product_cat","embeddable":true,"href":"https:\/\/galambtailoring.com\/en\/wp-json\/wp\/v2\/product_cat?post=451"},{"taxonomy":"product_tag","embeddable":true,"href":"https:\/\/galambtailoring.com\/en\/wp-json\/wp\/v2\/product_tag?post=451"}],"curies":[{"name":"wp","href":"https:\/\/api.w.org\/{rel}","templated":true}]}}