{"id":492,"date":"2025-06-26T09:51:57","date_gmt":"2025-06-26T07:51:57","guid":{"rendered":"https:\/\/galambtailoring.com\/?post_type=product&#038;p=492"},"modified":"2026-03-13T16:31:56","modified_gmt":"2026-03-13T15:31:56","slug":"kasmir-sportzako","status":"publish","type":"product","link":"https:\/\/galambtailoring.com\/en\/termekek\/zakok\/kasmir-sportzako\/","title":{"rendered":"Barna Kasm\u00edr Zak\u00f3"},"content":{"rendered":"<p><span data-contrast=\"auto\">K\u00e9zi kidolgoz\u00e1s \u00e9s id\u0151tlen elegancia jellemzi ezt az egysoros, eltolt h\u00e1rmas gombol\u00e1ssal rendelkez\u0151 zak\u00f3t, amely a legfinomabb kasm\u00edr anyagb\u00f3l k\u00e9sz\u00fclt. Modern \u00e9s eleg\u00e1ns darab azok sz\u00e1m\u00e1ra, akik a st\u00edlus mellett a praktikumot is \u00e9rt\u00e9kelik, k\u00f6sz\u00f6nhet\u0151en a letisztult szab\u00e1snak \u00e9s a f\u00e9lb\u00e9lelt kialak\u00edt\u00e1snak. A zak\u00f3n k\u00e9t foltzseb \u00e9s egy \u201etaschino a barchetta\u201d (hagyom\u00e1nyos n\u00e1polyi mellzseb) tal\u00e1lhat\u00f3. A jellegzetes n\u00e1polyi v\u00e1llkialak\u00edt\u00e1s \u00e9s az apr\u00f3l\u00e9kos \u00f6lt\u00e9sek a legmagasabb szint\u0171 k\u00e9nyelmet <\/span><span data-contrast=\"auto\">\u00e9s kifog\u00e1stalan megjelen\u00e9st biztos\u00edtanak.\u00a0<\/span><span data-ccp-props=\"{}\">\u00a0<\/span><\/p>\n<ul>\n<li aria-setsize=\"-1\" data-leveltext=\"\uf0b7\" data-font=\"Symbol\" data-listid=\"3\" data-list-defn-props=\"{&quot;335552541&quot;:1,&quot;335559685&quot;:720,&quot;335559991&quot;:360,&quot;469769226&quot;:&quot;Symbol&quot;,&quot;469769242&quot;:[8226],&quot;469777803&quot;:&quot;left&quot;,&quot;469777804&quot;:&quot;\uf0b7&quot;,&quot;469777815&quot;:&quot;hybridMultilevel&quot;}\" data-aria-posinset=\"1\" data-aria-level=\"1\"><span data-contrast=\"auto\">97% kasm\u00edr, 2% PA, 1% EA<\/span><span data-ccp-props=\"{}\">\u00a0<\/span><\/li>\n<\/ul>\n<ul>\n<li aria-setsize=\"-1\" data-leveltext=\"\uf0b7\" data-font=\"Symbol\" data-listid=\"3\" data-list-defn-props=\"{&quot;335552541&quot;:1,&quot;335559685&quot;:720,&quot;335559991&quot;:360,&quot;469769226&quot;:&quot;Symbol&quot;,&quot;469769242&quot;:[8226],&quot;469777803&quot;:&quot;left&quot;,&quot;469777804&quot;:&quot;\uf0b7&quot;,&quot;469777815&quot;:&quot;hybridMultilevel&quot;}\" data-aria-posinset=\"2\" data-aria-level=\"1\"><span data-contrast=\"auto\">Egysoros eltolt h\u00e1rom gomb<\/span><span data-ccp-props=\"{}\">\u00a0<\/span><\/li>\n<\/ul>\n<ul>\n<li aria-setsize=\"-1\" data-leveltext=\"\uf0b7\" data-font=\"Symbol\" data-listid=\"3\" data-list-defn-props=\"{&quot;335552541&quot;:1,&quot;335559685&quot;:720,&quot;335559991&quot;:360,&quot;469769226&quot;:&quot;Symbol&quot;,&quot;469769242&quot;:[8226],&quot;469777803&quot;:&quot;left&quot;,&quot;469777804&quot;:&quot;\uf0b7&quot;,&quot;469777815&quot;:&quot;hybridMultilevel&quot;}\" data-aria-posinset=\"3\" data-aria-level=\"1\"><span data-contrast=\"auto\">K\u00e9t foltzseb \u00e9s \u00edvelt mellzseb\u00a0<\/span><span data-ccp-props=\"{}\">\u00a0<\/span><\/li>\n<\/ul>\n<ul>\n<li aria-setsize=\"-1\" data-leveltext=\"\uf0b7\" data-font=\"Symbol\" data-listid=\"3\" data-list-defn-props=\"{&quot;335552541&quot;:1,&quot;335559685&quot;:720,&quot;335559991&quot;:360,&quot;469769226&quot;:&quot;Symbol&quot;,&quot;469769242&quot;:[8226],&quot;469777803&quot;:&quot;left&quot;,&quot;469777804&quot;:&quot;\uf0b7&quot;,&quot;469777815&quot;:&quot;hybridMultilevel&quot;}\" data-aria-posinset=\"4\" data-aria-level=\"1\"><span data-contrast=\"auto\">K\u00e9toldali has\u00edt\u00e9k<\/span><span data-ccp-props=\"{}\">\u00a0<\/span><\/li>\n<\/ul>\n<ul>\n<li aria-setsize=\"-1\" data-leveltext=\"\uf0b7\" data-font=\"Symbol\" data-listid=\"3\" data-list-defn-props=\"{&quot;335552541&quot;:1,&quot;335559685&quot;:720,&quot;335559991&quot;:360,&quot;469769226&quot;:&quot;Symbol&quot;,&quot;469769242&quot;:[8226],&quot;469777803&quot;:&quot;left&quot;,&quot;469777804&quot;:&quot;\uf0b7&quot;,&quot;469777815&quot;:&quot;hybridMultilevel&quot;}\" data-aria-posinset=\"5\" data-aria-level=\"1\"><span data-contrast=\"auto\">N\u00e1polyi st\u00edlus\u00fa, struktur\u00e1latlan v\u00e1ll<\/span><span data-ccp-props=\"{}\">\u00a0<\/span><\/li>\n<\/ul>\n<ul>\n<li aria-setsize=\"-1\" data-leveltext=\"\uf0b7\" data-font=\"Symbol\" data-listid=\"3\" data-list-defn-props=\"{&quot;335552541&quot;:1,&quot;335559685&quot;:720,&quot;335559991&quot;:360,&quot;469769226&quot;:&quot;Symbol&quot;,&quot;469769242&quot;:[8226],&quot;469777803&quot;:&quot;left&quot;,&quot;469777804&quot;:&quot;\uf0b7&quot;,&quot;469777815&quot;:&quot;hybridMultilevel&quot;}\" data-aria-posinset=\"6\" data-aria-level=\"1\"><span data-contrast=\"auto\">Szab\u00e1s: Regular fit\u00a0<\/span><span data-ccp-props=\"{}\">\u00a0<\/span><\/li>\n<\/ul>\n<ul>\n<li aria-setsize=\"-1\" data-leveltext=\"\uf0b7\" data-font=\"Symbol\" data-listid=\"3\" data-list-defn-props=\"{&quot;335552541&quot;:1,&quot;335559685&quot;:720,&quot;335559991&quot;:360,&quot;469769226&quot;:&quot;Symbol&quot;,&quot;469769242&quot;:[8226],&quot;469777803&quot;:&quot;left&quot;,&quot;469777804&quot;:&quot;\uf0b7&quot;,&quot;469777815&quot;:&quot;hybridMultilevel&quot;}\" data-aria-posinset=\"7\" data-aria-level=\"1\"><span data-contrast=\"auto\">Paisley mint\u00e1s selyem b\u00e9l\u00e9s<\/span><span data-ccp-props=\"{}\">\u00a0<\/span><\/li>\n<\/ul>\n","protected":false},"excerpt":{"rendered":"<p>K\u00e9zi kidolgoz\u00e1s \u00e9s id\u0151tlen elegancia jellemzi ezt az egysoros, eltolt h\u00e1rmas gombol\u00e1ssal rendelkez\u0151 zak\u00f3t, amely a legfinomabb kasm\u00edr anyagb\u00f3l k\u00e9sz\u00fclt. Modern \u00e9s eleg\u00e1ns darab azok sz\u00e1m\u00e1ra, akik a st\u00edlus mellett a praktikumot is \u00e9rt\u00e9kelik, k\u00f6sz\u00f6nhet\u0151en a letisztult szab\u00e1snak \u00e9s a f\u00e9lb\u00e9lelt kialak\u00edt\u00e1snak. A zak\u00f3n k\u00e9t foltzseb \u00e9s egy \u201etaschino a barchetta\u201d (hagyom\u00e1nyos n\u00e1polyi mellzseb) tal\u00e1lhat\u00f3. [&hellip;]<\/p>\n","protected":false},"featured_media":497,"comment_status":"open","ping_status":"closed","template":"","meta":{"_acf_changed":false},"product_brand":[],"product_cat":[28],"product_tag":[],"class_list":{"0":"post-492","1":"product","2":"type-product","3":"status-publish","4":"has-post-thumbnail","6":"product_cat-zakok","8":"first","9":"outofstock","10":"taxable","11":"shipping-taxable","12":"product-type-variable"},"acf":[],"_links":{"self":[{"href":"https:\/\/galambtailoring.com\/en\/wp-json\/wp\/v2\/product\/492","targetHints":{"allow":["GET"]}}],"collection":[{"href":"https:\/\/galambtailoring.com\/en\/wp-json\/wp\/v2\/product"}],"about":[{"href":"https:\/\/galambtailoring.com\/en\/wp-json\/wp\/v2\/types\/product"}],"replies":[{"embeddable":true,"href":"https:\/\/galambtailoring.com\/en\/wp-json\/wp\/v2\/comments?post=492"}],"wp:featuredmedia":[{"embeddable":true,"href":"https:\/\/galambtailoring.com\/en\/wp-json\/wp\/v2\/media\/497"}],"wp:attachment":[{"href":"https:\/\/galambtailoring.com\/en\/wp-json\/wp\/v2\/media?parent=492"}],"wp:term":[{"taxonomy":"product_brand","embeddable":true,"href":"https:\/\/galambtailoring.com\/en\/wp-json\/wp\/v2\/product_brand?post=492"},{"taxonomy":"product_cat","embeddable":true,"href":"https:\/\/galambtailoring.com\/en\/wp-json\/wp\/v2\/product_cat?post=492"},{"taxonomy":"product_tag","embeddable":true,"href":"https:\/\/galambtailoring.com\/en\/wp-json\/wp\/v2\/product_tag?post=492"}],"curies":[{"name":"wp","href":"https:\/\/api.w.org\/{rel}","templated":true}]}}